{"id":78,"date":"2022-10-17T07:03:13","date_gmt":"2022-10-17T07:03:13","guid":{"rendered":"https:\/\/marherlisarq.es\/?page_id=78"},"modified":"2023-01-24T20:51:32","modified_gmt":"2023-01-24T20:51:32","slug":"home","status":"publish","type":"page","link":"https:\/\/marherlisarq.es\/","title":{"rendered":"INICIO"},"content":{"rendered":"\n<div class=\"wp-block-uagb-container uagb-block-cc42f474 alignfull uagb-is-root-container\"><\/div>\n\n\n\n<div class=\"wp-block-uagb-container uagb-block-9b91fcca alignfull uagb-is-root-container\"><div class=\"uagb-container-inner-blocks-wrap\">\n<div class=\"wp-block-uagb-container uagb-block-891d24bb\">\n<div class=\"wp-block-uagb-info-box uagb-block-77568eb3 uagb-infobox__content-wrap  uagb-infobox-icon-above-title uagb-infobox-image-valign-top\"><div class=\"uagb-ifb-content\"><div class=\"uagb-ifb-image-content\"><img decoding=\"async\" src=\"https:\/\/marherlisarq.es\/wp-content\/uploads\/2022\/12\/pexels-thirdman-5582866-scaled.jpg\" alt=\"\" width=\"100\" height=\"149\" loading=\"lazy\"\/><\/div><div class=\"uagb-ifb-title-wrap\"><h4 class=\"uagb-ifb-title\">Arquitectura<\/h4><\/div><p class=\"uagb-ifb-desc\">Proyecto dise\u00f1ado desde su idea hasta la entrega de la obra.<\/p><\/div><\/div>\n<\/div>\n\n\n\n<div class=\"wp-block-uagb-container uagb-block-1764fdbb\">\n<div class=\"wp-block-uagb-info-box uagb-block-e212b729 uagb-infobox__content-wrap  uagb-infobox-icon-above-title uagb-infobox-image-valign-top\"><div class=\"uagb-ifb-content\"><div class=\"uagb-ifb-image-content\"><img decoding=\"async\" src=\"https:\/\/marherlisarq.es\/wp-content\/uploads\/2022\/12\/pexels-antoni-shkraba-5292194-scaled.jpg\" alt=\"\" width=\"100\" height=\"149\" loading=\"lazy\"\/><\/div><div class=\"uagb-ifb-title-wrap\"><h4 class=\"uagb-ifb-title\">Interiorismo<\/h4><\/div><p class=\"uagb-ifb-desc\">Redise\u00f1ar y redistribuir el espacio para dar una nueva funcionalidad.<\/p><\/div><\/div>\n<\/div>\n\n\n\n<div class=\"wp-block-uagb-container uagb-block-8eee3f6d\">\n<div class=\"wp-block-uagb-info-box uagb-block-56c7eabe uagb-infobox__content-wrap  uagb-infobox-icon-above-title uagb-infobox-image-valign-top\"><div class=\"uagb-ifb-content\"><div class=\"uagb-ifb-image-content\"><img decoding=\"async\" src=\"https:\/\/marherlisarq.es\/wp-content\/uploads\/2022\/12\/pexels-antoni-shkraba-5292199-scaled.jpg\" alt=\"\" width=\"100\" height=\"149\" loading=\"lazy\"\/><\/div><div class=\"uagb-ifb-title-wrap\"><h4 class=\"uagb-ifb-title\">Decoraci\u00f3n<\/h4><\/div><p class=\"uagb-ifb-desc\">Crear nuevos ambientes en espacio existentes mediante el mobiliario.<\/p><\/div><\/div>\n<\/div>\n<\/div><\/div>\n\n\n\n<div class=\"wp-block-uagb-container uagb-block-c56833a2 alignfull uagb-is-root-container\"><div class=\"uagb-container-inner-blocks-wrap\">\n<div class=\"wp-block-uagb-container uagb-block-1c257aa6\">\n<div class=\"wp-block-uagb-info-box uagb-block-3c56f039 uagb-infobox__content-wrap  uagb-infobox-icon-above-title uagb-infobox-image-valign-top\"><div class=\"uagb-ifb-content\"><div class=\"uagb-ifb-title-wrap\"><h2 class=\"uagb-ifb-title\">SOBRE M\u00cd<\/h2><\/div><p class=\"uagb-ifb-desc\">Graduada en Arquitectura por la universidad de Sevilla, junto con el M\u00e1ster Universitario de Arquitectura, y con la Titulaci\u00f3n de post-grado de Dise\u00f1o de interios y Decoraci\u00f3n otorgado por el Grupo Esneca.<\/p><\/div><\/div>\n<\/div>\n\n\n\n<div class=\"wp-block-uagb-container uagb-block-2a29c51d\">\n<div class=\"wp-block-uagb-image uagb-block-4580545b wp-block-uagb-image--layout-default wp-block-uagb-image--effect-static wp-block-uagb-image--align-none\"><figure class=\"wp-block-uagb-image__figure\"><img decoding=\"async\" srcset=\"https:\/\/marherlisarq.es\/wp-content\/uploads\/2023\/01\/camera-vintage-map-2168170-682x1024.jpg ,https:\/\/marherlisarq.es\/wp-content\/uploads\/2022\/10\/Our-Mission-min.jpg 780w, https:\/\/marherlisarq.es\/wp-content\/uploads\/2022\/10\/Our-Mission-min.jpg 360w\" src=\"https:\/\/marherlisarq.es\/wp-content\/uploads\/2023\/01\/camera-vintage-map-2168170-682x1024.jpg\" alt=\"camera, vintage, map-2168170.jpg\" class=\"uag-image-922\" width=\"682\" height=\"1024\" title=\"\" loading=\"lazy\"\/><\/figure><\/div>\n<\/div>\n<\/div><\/div>\n\n\n\n<div class=\"wp-block-uagb-container uagb-block-46d4c8e6 alignfull uagb-is-root-container\"><div class=\"uagb-container-inner-blocks-wrap\">\n<div class=\"wp-block-uagb-call-to-action uagb-block-33977430 wp-block-button\"><div class=\"uagb-cta__wrap\"><h2 class=\"uagb-cta__title\">HABLAMOS<\/h2><p class=\"uagb-cta__desc\">\u00bfTe has quedado con alguna duda?<br>Ponte en contacto con nosotros sin compromiso.<\/p><\/div><div class=\"uagb-cta__buttons\"><a href=\"https:\/\/marherlisarq.es\/?page_id=100\" class=\"uagb-cta__button-link-wrapper wp-block-button__link\" target=\"_self\" rel=\"noopener noreferrer\">PINCHA AQU\u00cd<\/a><\/div><\/div>\n<\/div><\/div>\n","protected":false},"excerpt":{"rendered":"","protected":false},"author":1,"featured_media":0,"parent":0,"menu_order":0,"comment_status":"closed","ping_status":"closed","template":"","meta":{"_uag_custom_page_level_css":"","site-sidebar-layout":"default","site-content-layout":"page-builder","ast-global-header-display":"","ast-banner-title-visibility":"","ast-main-header-display":"","ast-hfb-above-header-display":"","ast-hfb-below-header-display":"","ast-hfb-mobile-header-display":"","site-post-title":"disabled","ast-breadcrumbs-content":"","ast-featured-img":"","footer-sml-layout":"","theme-transparent-header-meta":"enabled","adv-header-id-meta":"","stick-header-meta":"","header-above-stick-meta":"","header-main-stick-meta":"","header-below-stick-meta":"","footnotes":""},"yoast_head":"<!-- This site is optimized with the Yoast SEO plugin v22.3 - https:\/\/yoast.com\/wordpress\/plugins\/seo\/ -->\n<title>INICIO - MARHERLISARQ<\/title>\n<meta name=\"robots\" content=\"index, follow, max-snippet:-1, max-image-preview:large, max-video-preview:-1\" \/>\n<link rel=\"canonical\" href=\"https:\/\/marherlisarq.es\/\" \/>\n<meta property=\"og:locale\" content=\"es_ES\" \/>\n<meta property=\"og:type\" content=\"article\" \/>\n<meta property=\"og:title\" content=\"INICIO - MARHERLISARQ\" \/>\n<meta property=\"og:url\" content=\"https:\/\/marherlisarq.es\/\" \/>\n<meta property=\"og:site_name\" content=\"MARHERLISARQ\" \/>\n<meta property=\"article:modified_time\" content=\"2023-01-24T20:51:32+00:00\" \/>\n<meta property=\"og:image\" content=\"https:\/\/marherlisarq.es\/wp-content\/uploads\/2022\/12\/pexels-thirdman-5582866-scaled.jpg\" \/>\n<meta name=\"twitter:card\" content=\"summary_large_image\" \/>\n<meta name=\"twitter:label1\" content=\"Tiempo de lectura\" \/>\n\t<meta name=\"twitter:data1\" content=\"2 minutos\" \/>\n<script type=\"application\/ld+json\" class=\"yoast-schema-graph\">{\"@context\":\"https:\/\/schema.org\",\"@graph\":[{\"@type\":\"WebPage\",\"@id\":\"https:\/\/marherlisarq.es\/\",\"url\":\"https:\/\/marherlisarq.es\/\",\"name\":\"INICIO - MARHERLISARQ\",\"isPartOf\":{\"@id\":\"https:\/\/marherlisarq.es\/#website\"},\"primaryImageOfPage\":{\"@id\":\"https:\/\/marherlisarq.es\/#primaryimage\"},\"image\":{\"@id\":\"https:\/\/marherlisarq.es\/#primaryimage\"},\"thumbnailUrl\":\"https:\/\/marherlisarq.es\/wp-content\/uploads\/2022\/12\/pexels-thirdman-5582866-scaled.jpg\",\"datePublished\":\"2022-10-17T07:03:13+00:00\",\"dateModified\":\"2023-01-24T20:51:32+00:00\",\"breadcrumb\":{\"@id\":\"https:\/\/marherlisarq.es\/#breadcrumb\"},\"inLanguage\":\"es\",\"potentialAction\":[{\"@type\":\"ReadAction\",\"target\":[\"https:\/\/marherlisarq.es\/\"]}]},{\"@type\":\"ImageObject\",\"inLanguage\":\"es\",\"@id\":\"https:\/\/marherlisarq.es\/#primaryimage\",\"url\":\"https:\/\/marherlisarq.es\/wp-content\/uploads\/2022\/12\/pexels-thirdman-5582866-scaled.jpg\",\"contentUrl\":\"https:\/\/marherlisarq.es\/wp-content\/uploads\/2022\/12\/pexels-thirdman-5582866-scaled.jpg\",\"width\":1707,\"height\":2560},{\"@type\":\"BreadcrumbList\",\"@id\":\"https:\/\/marherlisarq.es\/#breadcrumb\",\"itemListElement\":[{\"@type\":\"ListItem\",\"position\":1,\"name\":\"Portada\",\"item\":\"https:\/\/marherlisarq.es\/\"},{\"@type\":\"ListItem\",\"position\":2,\"name\":\"INICIO\"}]},{\"@type\":\"WebSite\",\"@id\":\"https:\/\/marherlisarq.es\/#website\",\"url\":\"https:\/\/marherlisarq.es\/\",\"name\":\"MARHERLISARQ\",\"description\":\"\",\"potentialAction\":[{\"@type\":\"SearchAction\",\"target\":{\"@type\":\"EntryPoint\",\"urlTemplate\":\"https:\/\/marherlisarq.es\/?s={search_term_string}\"},\"query-input\":\"required name=search_term_string\"}],\"inLanguage\":\"es\"}]}<\/script>\n<!-- \/ Yoast SEO plugin. -->","yoast_head_json":{"title":"INICIO - MARHERLISARQ","robots":{"index":"index","follow":"follow","max-snippet":"max-snippet:-1","max-image-preview":"max-image-preview:large","max-video-preview":"max-video-preview:-1"},"canonical":"https:\/\/marherlisarq.es\/","og_locale":"es_ES","og_type":"article","og_title":"INICIO - MARHERLISARQ","og_url":"https:\/\/marherlisarq.es\/","og_site_name":"MARHERLISARQ","article_modified_time":"2023-01-24T20:51:32+00:00","og_image":[{"url":"https:\/\/marherlisarq.es\/wp-content\/uploads\/2022\/12\/pexels-thirdman-5582866-scaled.jpg"}],"twitter_card":"summary_large_image","twitter_misc":{"Tiempo de lectura":"2 minutos"},"schema":{"@context":"https:\/\/schema.org","@graph":[{"@type":"WebPage","@id":"https:\/\/marherlisarq.es\/","url":"https:\/\/marherlisarq.es\/","name":"INICIO - MARHERLISARQ","isPartOf":{"@id":"https:\/\/marherlisarq.es\/#website"},"primaryImageOfPage":{"@id":"https:\/\/marherlisarq.es\/#primaryimage"},"image":{"@id":"https:\/\/marherlisarq.es\/#primaryimage"},"thumbnailUrl":"https:\/\/marherlisarq.es\/wp-content\/uploads\/2022\/12\/pexels-thirdman-5582866-scaled.jpg","datePublished":"2022-10-17T07:03:13+00:00","dateModified":"2023-01-24T20:51:32+00:00","breadcrumb":{"@id":"https:\/\/marherlisarq.es\/#breadcrumb"},"inLanguage":"es","potentialAction":[{"@type":"ReadAction","target":["https:\/\/marherlisarq.es\/"]}]},{"@type":"ImageObject","inLanguage":"es","@id":"https:\/\/marherlisarq.es\/#primaryimage","url":"https:\/\/marherlisarq.es\/wp-content\/uploads\/2022\/12\/pexels-thirdman-5582866-scaled.jpg","contentUrl":"https:\/\/marherlisarq.es\/wp-content\/uploads\/2022\/12\/pexels-thirdman-5582866-scaled.jpg","width":1707,"height":2560},{"@type":"BreadcrumbList","@id":"https:\/\/marherlisarq.es\/#breadcrumb","itemListElement":[{"@type":"ListItem","position":1,"name":"Portada","item":"https:\/\/marherlisarq.es\/"},{"@type":"ListItem","position":2,"name":"INICIO"}]},{"@type":"WebSite","@id":"https:\/\/marherlisarq.es\/#website","url":"https:\/\/marherlisarq.es\/","name":"MARHERLISARQ","description":"","potentialAction":[{"@type":"SearchAction","target":{"@type":"EntryPoint","urlTemplate":"https:\/\/marherlisarq.es\/?s={search_term_string}"},"query-input":"required name=search_term_string"}],"inLanguage":"es"}]}},"uagb_featured_image_src":{"full":false,"thumbnail":false,"medium":false,"medium_large":false,"large":false,"1536x1536":false,"2048x2048":false},"uagb_author_info":{"display_name":"admin","author_link":"https:\/\/marherlisarq.es\/?author=1"},"uagb_comment_info":0,"uagb_excerpt":null,"_links":{"self":[{"href":"https:\/\/marherlisarq.es\/index.php?rest_route=\/wp\/v2\/pages\/78"}],"collection":[{"href":"https:\/\/marherlisarq.es\/index.php?rest_route=\/wp\/v2\/pages"}],"about":[{"href":"https:\/\/marherlisarq.es\/index.php?rest_route=\/wp\/v2\/types\/page"}],"author":[{"embeddable":true,"href":"https:\/\/marherlisarq.es\/index.php?rest_route=\/wp\/v2\/users\/1"}],"replies":[{"embeddable":true,"href":"https:\/\/marherlisarq.es\/index.php?rest_route=%2Fwp%2Fv2%2Fcomments&post=78"}],"version-history":[{"count":18,"href":"https:\/\/marherlisarq.es\/index.php?rest_route=\/wp\/v2\/pages\/78\/revisions"}],"predecessor-version":[{"id":953,"href":"https:\/\/marherlisarq.es\/index.php?rest_route=\/wp\/v2\/pages\/78\/revisions\/953"}],"wp:attachment":[{"href":"https:\/\/marherlisarq.es\/index.php?rest_route=%2Fwp%2Fv2%2Fmedia&parent=78"}],"curies":[{"name":"wp","href":"https:\/\/api.w.org\/{rel}","templated":true}]}}